{"id":1206,"date":"2026-03-18T13:09:43","date_gmt":"2026-03-18T12:09:43","guid":{"rendered":"https:\/\/aci-developpement.org\/?page_id=1206"},"modified":"2026-03-18T13:14:52","modified_gmt":"2026-03-18T12:14:52","slug":"mentions-legales","status":"publish","type":"page","link":"https:\/\/aci-developpement.org\/index.php\/mentions-legales\/","title":{"rendered":"Mentions l\u00e9gales"},"content":{"rendered":"\t\t<div data-elementor-type=\"wp-page\" data-elementor-id=\"1206\" class=\"elementor elementor-1206\" data-elementor-post-type=\"page\">\n\t\t\t\t<div class=\"elementor-element elementor-element-47423723 e-flex e-con-boxed e-con e-parent\" data-id=\"47423723\" data-element_type=\"container\" data-e-type=\"container\">\n\t\t\t\t\t<div class=\"e-con-inner\">\n\t\t\t\t<div class=\"elementor-element elementor-element-6b6c997c elementor-widget elementor-widget-text-editor\" data-id=\"6b6c997c\" data-element_type=\"widget\" data-e-type=\"widget\" data-widget_type=\"text-editor.default\">\n\t\t\t\t<div class=\"elementor-widget-container\">\n\t\t\t\t\t\t\t\t\t<p><\/p>\n<h2 class=\"wp-block-heading\">Mentions l\u00e9gales<\/h2>\n<h3>1. \u00c9diteur du site<\/h3>\n<p>Le pr\u00e9sent site est \u00e9dit\u00e9 par :<\/p>\n<p><strong>Bardinus<\/strong><br>Micro-entreprise dirig\u00e9e par Adrien Bardin (Bardinus)<br>SIRET : 923 752 943 00012<\/p><p>mail : abardin55@gmail.com<\/p>\n<hr>\n<h3>2. Structure exploitante<\/h3>\n<p>Le site pr\u00e9sente les activit\u00e9s de :<\/p>\n<p><strong>ACI D\u00e9veloppement Insertion Sociales Prof<\/strong><br>Association loi 1901<br>SIREN : 410 092 209<br>SIRET : 410 092 209 00080<br>TVA intracommunautaire : FR31410092209<\/p>\n<p>Date de cr\u00e9ation : 18 octobre 1996<br>Code APE : 8899B \u2013 Action sociale sans h\u00e9bergement n.c.a.<\/p>\n<p>Si\u00e8ge social :<br>4 Avenue de l&rsquo;Industrie, 1er \u00e9tage<br>61200 Argentan \u2013 France<\/p>\n<p>T\u00e9l\u00e9phone : 02 33 39 03 88<\/p>\n<hr>\n<h3>3. Directeur de la publication<\/h3>\n<p>Directeur de la publication : Adrien Bardin<\/p>\n<hr>\n<h3>4. H\u00e9bergement<\/h3>\n<p>Le site est h\u00e9berg\u00e9 par :<\/p>\n<p><strong>o2switch<\/strong><br>222 Boulevard Gustave Flaubert<br>63000 Clermont-Ferrand \u2013 France<br>T\u00e9l\u00e9phone : 04 44 44 60 40<br>Site web : <a href=\"https:\/\/www.o2switch.fr\/\">https:\/\/www.o2switch.fr<\/a><\/p>\n<hr>\n<h3>5. Propri\u00e9t\u00e9 intellectuelle<\/h3>\n<p>L\u2019ensemble des contenus pr\u00e9sents sur ce site (textes, images, graphismes, logo, etc.) est prot\u00e9g\u00e9 par le droit de la propri\u00e9t\u00e9 intellectuelle.<\/p>\n<p>Toute reproduction ou utilisation sans autorisation \u00e9crite pr\u00e9alable est interdite.<\/p>\n<hr>\n<h3>6. Responsabilit\u00e9<\/h3>\n<p>Bardinus s\u2019efforce de fournir des informations fiables et \u00e0 jour. Toutefois, des erreurs ou omissions peuvent survenir.<\/p>\n<p>L\u2019utilisateur est seul responsable de l\u2019utilisation des informations disponibles sur le site.<\/p>\n<hr>\n<h3>7. Donn\u00e9es personnelles<\/h3>\n<p>Les donn\u00e9es personnelles collect\u00e9es sur le site sont trait\u00e9es conform\u00e9ment au RGPD.<\/p>\n<p>Pour plus d\u2019informations, consultez la politique de confidentialit\u00e9.<\/p>\n<hr>\n<h3>8. Cookies<\/h3>\n<p>Le site utilise des cookies pour am\u00e9liorer l\u2019exp\u00e9rience utilisateur et mesurer l\u2019audience.<\/p>\n<p>Un bandeau de gestion des cookies permet \u00e0 l\u2019utilisateur d\u2019accepter ou refuser ces derniers.<\/p>\n<p><\/p>\t\t\t\t\t\t\t\t<\/div>\n\t\t\t\t<\/div>\n\t\t\t\t\t<\/div>\n\t\t\t\t<\/div>\n\t\t\t\t<\/div>\n\t\t","protected":false},"excerpt":{"rendered":"<p>Mentions l\u00e9gales 1. \u00c9diteur du site Le pr\u00e9sent site est \u00e9dit\u00e9 par : BardinusMicro-entreprise dirig\u00e9e par Adrien Bardin (Bardinus)SIRET : [&hellip;]<\/p>\n","protected":false},"author":1,"featured_media":0,"parent":0,"menu_order":0,"comment_status":"closed","ping_status":"closed","template":"","meta":{"_uag_custom_page_level_css":"","site-sidebar-layout":"default","site-content-layout":"","ast-site-content-layout":"default","site-content-style":"default","site-sidebar-style":"default","ast-global-header-display":"","ast-banner-title-visibility":"","ast-main-header-display":"","ast-hfb-above-header-display":"","ast-hfb-below-header-display":"","ast-hfb-mobile-header-display":"","site-post-title":"","ast-breadcrumbs-content":"","ast-featured-img":"","footer-sml-layout":"","ast-disable-related-posts":"","theme-transparent-header-meta":"","adv-header-id-meta":"","stick-header-meta":"","header-above-stick-meta":"","header-main-stick-meta":"","header-below-stick-meta":"","astra-migrate-meta-layouts":"default","ast-page-background-enabled":"default","ast-page-background-meta":{"desktop":{"background-color":"var(--ast-global-color-4)","background-image":"","background-repeat":"repeat","background-position":"center center","background-size":"auto","background-attachment":"scroll","background-type":"","background-media":"","overlay-type":"","overlay-color":"","overlay-opacity":"","overlay-gradient":""},"tablet":{"background-color":"","background-image":"","background-repeat":"repeat","background-position":"center center","background-size":"auto","background-attachment":"scroll","background-type":"","background-media":"","overlay-type":"","overlay-color":"","overlay-opacity":"","overlay-gradient":""},"mobile":{"background-color":"","background-image":"","background-repeat":"repeat","background-position":"center center","background-size":"auto","background-attachment":"scroll","background-type":"","background-media":"","overlay-type":"","overlay-color":"","overlay-opacity":"","overlay-gradient":""}},"ast-content-background-meta":{"desktop":{"background-color":"var(--ast-global-color-5)","background-image":"","background-repeat":"repeat","background-position":"center center","background-size":"auto","background-attachment":"scroll","background-type":"","background-media":"","overlay-type":"","overlay-color":"","overlay-opacity":"","overlay-gradient":""},"tablet":{"background-color":"var(--ast-global-color-5)","background-image":"","background-repeat":"repeat","background-position":"center center","background-size":"auto","background-attachment":"scroll","background-type":"","background-media":"","overlay-type":"","overlay-color":"","overlay-opacity":"","overlay-gradient":""},"mobile":{"background-color":"var(--ast-global-color-5)","background-image":"","background-repeat":"repeat","background-position":"center center","background-size":"auto","background-attachment":"scroll","background-type":"","background-media":"","overlay-type":"","overlay-color":"","overlay-opacity":"","overlay-gradient":""}},"footnotes":""},"class_list":["post-1206","page","type-page","status-publish","hentry"],"uagb_featured_image_src":{"full":false,"thumbnail":false,"medium":false,"medium_large":false,"large":false,"1536x1536":false,"2048x2048":false},"uagb_author_info":{"display_name":"Webmaster","author_link":"https:\/\/aci-developpement.org\/index.php\/author\/webmaster\/"},"uagb_comment_info":0,"uagb_excerpt":"Mentions l\u00e9gales 1. \u00c9diteur du site Le pr\u00e9sent site est \u00e9dit\u00e9 par : BardinusMicro-entreprise dirig\u00e9e par Adrien Bardin (Bardinus)SIRET : [&hellip;]","_links":{"self":[{"href":"https:\/\/aci-developpement.org\/index.php\/wp-json\/wp\/v2\/pages\/1206","targetHints":{"allow":["GET"]}}],"collection":[{"href":"https:\/\/aci-developpement.org\/index.php\/wp-json\/wp\/v2\/pages"}],"about":[{"href":"https:\/\/aci-developpement.org\/index.php\/wp-json\/wp\/v2\/types\/page"}],"author":[{"embeddable":true,"href":"https:\/\/aci-developpement.org\/index.php\/wp-json\/wp\/v2\/users\/1"}],"replies":[{"embeddable":true,"href":"https:\/\/aci-developpement.org\/index.php\/wp-json\/wp\/v2\/comments?post=1206"}],"version-history":[{"count":3,"href":"https:\/\/aci-developpement.org\/index.php\/wp-json\/wp\/v2\/pages\/1206\/revisions"}],"predecessor-version":[{"id":1210,"href":"https:\/\/aci-developpement.org\/index.php\/wp-json\/wp\/v2\/pages\/1206\/revisions\/1210"}],"wp:attachment":[{"href":"https:\/\/aci-developpement.org\/index.php\/wp-json\/wp\/v2\/media?parent=1206"}],"curies":[{"name":"wp","href":"https:\/\/api.w.org\/{rel}","templated":true}]}}